{"id":2594,"date":"2021-07-01T16:30:56","date_gmt":"2021-07-01T14:30:56","guid":{"rendered":"https:\/\/mavitecrendering.com\/?page_id=2594"},"modified":"2021-07-26T09:26:45","modified_gmt":"2021-07-26T07:26:45","slug":"terms-and-conditions","status":"publish","type":"page","link":"https:\/\/mavitecrendering.com\/tr\/terms-and-conditions\/","title":{"rendered":"\u015eartlar ve ko\u015fullar"},"content":{"rendered":"<div data-elementor-type=\"wp-page\" data-elementor-id=\"2594\" class=\"elementor elementor-2594\" data-elementor-post-type=\"page\">\n\t\t\t\t\t\t<section class=\"elementor-section elementor-top-section elementor-element elementor-element-06971da elementor-section-height-min-height elementor-section-boxed elementor-section-height-default elementor-section-items-middle\" data-id=\"06971da\" data-element_type=\"section\" data-e-type=\"section\" data-settings=\"{&quot;background_background&quot;:&quot;classic&quot;}\">\n\t\t\t\t\t\t<div class=\"elementor-container elementor-column-gap-default\">\n\t\t\t\t\t<div class=\"elementor-column elementor-col-100 elementor-top-column elementor-element elementor-element-6809fe0\" data-id=\"6809fe0\" data-element_type=\"column\" data-e-type=\"column\">\n\t\t\t<div class=\"elementor-widget-wrap elementor-element-populated\">\n\t\t\t\t\t\t<div class=\"elementor-element elementor-element-1bc3089 elementor-mobile-align-center elementor-hidden-desktop elementor-hidden-tablet elementor-widget elementor-widget-breadcrumbs\" data-id=\"1bc3089\" data-element_type=\"widget\" data-e-type=\"widget\" data-widget_type=\"breadcrumbs.default\">\n\t\t\t\t<div class=\"elementor-widget-container\">\n\t\t\t\t\t<p id=\"breadcrumbs\"><span><span><a href=\"https:\/\/mavitecrendering.com\/tr\">Ev<\/a><\/span><\/span><\/p>\t\t\t\t<\/div>\n\t\t\t\t<\/div>\n\t\t\t\t<div class=\"elementor-element elementor-element-8b11bd6 elementor-hidden-desktop elementor-hidden-tablet elementor-widget elementor-widget-heading\" data-id=\"8b11bd6\" data-element_type=\"widget\" data-e-type=\"widget\" data-widget_type=\"heading.default\">\n\t\t\t\t<div class=\"elementor-widget-container\">\n\t\t\t\t\t<h2 class=\"elementor-heading-title elementor-size-default\">\u015eartlar ve ko\u015fullar<\/h2>\t\t\t\t<\/div>\n\t\t\t\t<\/div>\n\t\t\t\t\t<\/div>\n\t\t<\/div>\n\t\t\t\t\t<\/div>\n\t\t<\/section>\n\t\t\t\t<section class=\"elementor-section elementor-top-section elementor-element elementor-element-a4162c4 elementor-hidden-phone elementor-section-boxed elementor-section-height-default elementor-section-height-default\" data-id=\"a4162c4\" data-element_type=\"section\" data-e-type=\"section\">\n\t\t\t\t\t\t<div class=\"elementor-container elementor-column-gap-default\">\n\t\t\t\t\t<div class=\"elementor-column elementor-col-100 elementor-top-column elementor-element elementor-element-1199897\" data-id=\"1199897\" data-element_type=\"column\" data-e-type=\"column\">\n\t\t\t<div class=\"elementor-widget-wrap elementor-element-populated\">\n\t\t\t\t\t\t<div class=\"elementor-element elementor-element-d09350c elementor-widget__width-auto elementor-widget elementor-widget-heading\" data-id=\"d09350c\" data-element_type=\"widget\" data-e-type=\"widget\" data-widget_type=\"heading.default\">\n\t\t\t\t<div class=\"elementor-widget-container\">\n\t\t\t\t\t<h2 class=\"elementor-heading-title elementor-size-default\">\u015eartlar ve ko\u015fullar<\/h2>\t\t\t\t<\/div>\n\t\t\t\t<\/div>\n\t\t\t\t<div class=\"elementor-element elementor-element-513bd67 elementor-mobile-align-center elementor-hidden-phone elementor-widget elementor-widget-breadcrumbs\" data-id=\"513bd67\" data-element_type=\"widget\" data-e-type=\"widget\" data-widget_type=\"breadcrumbs.default\">\n\t\t\t\t<div class=\"elementor-widget-container\">\n\t\t\t\t\t<p id=\"breadcrumbs\"><span><span><a href=\"https:\/\/mavitecrendering.com\/tr\">Ev<\/a><\/span><\/span><\/p>\t\t\t\t<\/div>\n\t\t\t\t<\/div>\n\t\t\t\t\t<\/div>\n\t\t<\/div>\n\t\t\t\t\t<\/div>\n\t\t<\/section>\n\t\t\t\t<section class=\"elementor-section elementor-top-section elementor-element elementor-element-a99327d elementor-section-boxed elementor-section-height-default elementor-section-height-default\" data-id=\"a99327d\" data-element_type=\"section\" data-e-type=\"section\">\n\t\t\t\t\t\t<div class=\"elementor-container elementor-column-gap-default\">\n\t\t\t\t\t<div class=\"elementor-column elementor-col-100 elementor-top-column elementor-element elementor-element-b2854e9\" data-id=\"b2854e9\" data-element_type=\"column\" data-e-type=\"column\">\n\t\t\t<div class=\"elementor-widget-wrap elementor-element-populated\">\n\t\t\t\t\t\t<div class=\"elementor-element elementor-element-79e2d57 elementor-widget elementor-widget-heading\" data-id=\"79e2d57\" data-element_type=\"widget\" data-e-type=\"widget\" data-widget_type=\"heading.default\">\n\t\t\t\t<div class=\"elementor-widget-container\">\n\t\t\t\t\t<h3 class=\"elementor-heading-title elementor-size-default\">\u0130ndirmek<\/h3>\t\t\t\t<\/div>\n\t\t\t\t<\/div>\n\t\t\t\t<div class=\"elementor-element elementor-element-2ae12e9 elementor-widget elementor-widget-text-editor\" data-id=\"2ae12e9\" data-element_type=\"widget\" data-e-type=\"widget\" data-widget_type=\"text-editor.default\">\n\t\t\t\t<div class=\"elementor-widget-container\">\n\t\t\t\t\t\t\t\t\t<p>Mavitec BV taraf\u0131ndan yay\u0131nlanan Genel H\u00fck\u00fcm ve Ko\u015fullar<\/p><p>Mavitec BV yay\u0131n\u0131, Galileistraat 32, 1704 SE, Heerhugowaard<\/p><p>Ticaret Odas\u0131:<br \/>Numara: 37150089<\/p><p>\u00a9 Mavitec BV<\/p>\t\t\t\t\t\t\t\t<\/div>\n\t\t\t\t<\/div>\n\t\t\t\t<div class=\"elementor-element elementor-element-6ee0ba0 elementor-widget elementor-widget-heading\" data-id=\"6ee0ba0\" data-element_type=\"widget\" data-e-type=\"widget\" data-widget_type=\"heading.default\">\n\t\t\t\t<div class=\"elementor-widget-container\">\n\t\t\t\t\t<h3 class=\"elementor-heading-title elementor-size-default\">Sat\u0131\u015f \u015eartlar\u0131 ve Ko\u015fullar\u0131:<\/h3>\t\t\t\t<\/div>\n\t\t\t\t<\/div>\n\t\t\t\t<div class=\"elementor-element elementor-element-fd9bbf6 elementor-widget__width-auto dce_masking-none elementor-widget elementor-widget-image\" data-id=\"fd9bbf6\" data-element_type=\"widget\" data-e-type=\"widget\" data-widget_type=\"image.default\">\n\t\t\t\t<div class=\"elementor-widget-container\">\n\t\t\t\t\t\t\t\t\t\t\t\t\t\t\t\t<a href=\"\/wp-content\/uploads\/2021\/07\/Mavitec-terms-EN.pdf\" download=\"\">\n\t\t\t\t\t\t\t<img fetchpriority=\"high\" decoding=\"async\" width=\"512\" height=\"512\" src=\"https:\/\/mavitecrendering.com\/wp-content\/uploads\/2021\/07\/110-united-kingdom.svg\" class=\"attachment-full size-full wp-image-2609\" alt=\"\" \/>\t\t\t\t\t\t\t\t<\/a>\n\t\t\t\t\t\t\t\t\t\t\t\t\t\t\t<\/div>\n\t\t\t\t<\/div>\n\t\t\t\t<div class=\"elementor-element elementor-element-51a9038 elementor-widget__width-auto dce_masking-none elementor-widget elementor-widget-image\" data-id=\"51a9038\" data-element_type=\"widget\" data-e-type=\"widget\" data-widget_type=\"image.default\">\n\t\t\t\t<div class=\"elementor-widget-container\">\n\t\t\t\t\t\t\t\t\t\t\t\t\t\t\t\t<a href=\"\/wp-content\/uploads\/2021\/07\/Mavitec-terms-RU.pdf\" download=\"\">\n\t\t\t\t\t\t\t<img decoding=\"async\" width=\"512\" height=\"512\" src=\"https:\/\/mavitecrendering.com\/wp-content\/uploads\/2021\/06\/044-russia.svg\" class=\"attachment-full size-full wp-image-1822\" alt=\"\" \/>\t\t\t\t\t\t\t\t<\/a>\n\t\t\t\t\t\t\t\t\t\t\t\t\t\t\t<\/div>\n\t\t\t\t<\/div>\n\t\t\t\t<div class=\"elementor-element elementor-element-18e4151 elementor-widget__width-auto dce_masking-none elementor-widget elementor-widget-image\" data-id=\"18e4151\" data-element_type=\"widget\" data-e-type=\"widget\" data-widget_type=\"image.default\">\n\t\t\t\t<div class=\"elementor-widget-container\">\n\t\t\t\t\t\t\t\t\t\t\t\t\t\t\t\t<a href=\"\/wp-content\/uploads\/2021\/07\/Mavitec-terms-NL.pdf\" download=\"\">\n\t\t\t\t\t\t\t<img decoding=\"async\" width=\"512\" height=\"512\" src=\"https:\/\/mavitecrendering.com\/wp-content\/uploads\/2021\/06\/077-netherlands.svg\" class=\"attachment-full size-full wp-image-1824\" alt=\"\" \/>\t\t\t\t\t\t\t\t<\/a>\n\t\t\t\t\t\t\t\t\t\t\t\t\t\t\t<\/div>\n\t\t\t\t<\/div>\n\t\t\t\t<div class=\"elementor-element elementor-element-ab9cc10 elementor-widget elementor-widget-heading\" data-id=\"ab9cc10\" data-element_type=\"widget\" data-e-type=\"widget\" data-widget_type=\"heading.default\">\n\t\t\t\t<div class=\"elementor-widget-container\">\n\t\t\t\t\t<h3 class=\"elementor-heading-title elementor-size-default\">Sat\u0131n Alma \u015eartlar\u0131 ve Ko\u015fullar\u0131:<\/h3>\t\t\t\t<\/div>\n\t\t\t\t<\/div>\n\t\t\t\t<div class=\"elementor-element elementor-element-6df7535 elementor-widget__width-auto dce_masking-none elementor-widget elementor-widget-image\" data-id=\"6df7535\" data-element_type=\"widget\" data-e-type=\"widget\" data-widget_type=\"image.default\">\n\t\t\t\t<div class=\"elementor-widget-container\">\n\t\t\t\t\t\t\t\t\t\t\t\t\t\t\t\t<a href=\"\/wp-content\/uploads\/2021\/07\/Mavitec-Terms-Conditions-of-Purchase_EN.pdf\" download=\"\">\n\t\t\t\t\t\t\t<img fetchpriority=\"high\" decoding=\"async\" width=\"512\" height=\"512\" src=\"https:\/\/mavitecrendering.com\/wp-content\/uploads\/2021\/07\/110-united-kingdom.svg\" class=\"attachment-full size-full wp-image-2609\" alt=\"\" \/>\t\t\t\t\t\t\t\t<\/a>\n\t\t\t\t\t\t\t\t\t\t\t\t\t\t\t<\/div>\n\t\t\t\t<\/div>\n\t\t\t\t<div class=\"elementor-element elementor-element-447e702 elementor-widget__width-auto dce_masking-none elementor-widget elementor-widget-image\" data-id=\"447e702\" data-element_type=\"widget\" data-e-type=\"widget\" data-widget_type=\"image.default\">\n\t\t\t\t<div class=\"elementor-widget-container\">\n\t\t\t\t\t\t\t\t\t\t\t\t\t\t\t\t<a href=\"\/wp-content\/uploads\/2021\/07\/Mavitec-Terms-Conditions-of-Purchase_NL.pdf\" download=\"\">\n\t\t\t\t\t\t\t<img decoding=\"async\" width=\"512\" height=\"512\" src=\"https:\/\/mavitecrendering.com\/wp-content\/uploads\/2021\/06\/077-netherlands.svg\" class=\"attachment-full size-full wp-image-1824\" alt=\"\" \/>\t\t\t\t\t\t\t\t<\/a>\n\t\t\t\t\t\t\t\t\t\t\t\t\t\t\t<\/div>\n\t\t\t\t<\/div>\n\t\t\t\t\t<\/div>\n\t\t<\/div>\n\t\t\t\t\t<\/div>\n\t\t<\/section>\n\t\t\t\t<\/div>","protected":false},"excerpt":{"rendered":"<p>Mavitec BV taraf\u0131ndan yay\u0131nlanan Genel H\u00fck\u00fcm ve Ko\u015fullar\u0131 indirin Mavitec BV Yay\u0131n\u0131, Galileistraat 32, 1704 SE, Heerhugowaard Ticaret Odas\u0131: Say\u0131: 37150089 \u00a9 Mavitec BV Sat\u0131\u015f H\u00fck\u00fcm ve Ko\u015fullar\u0131: Sat\u0131n Alma H\u00fck\u00fcm ve Ko\u015fullar\u0131:<\/p>","protected":false},"author":1,"featured_media":0,"parent":0,"menu_order":0,"comment_status":"closed","ping_status":"closed","template":"","meta":{"_acf_changed":false,"footnotes":""},"class_list":["post-2594","page","type-page","status-publish","hentry"],"acf":[],"yoast_head":"<!-- This site is optimized with the Yoast SEO plugin v27.3 - https:\/\/yoast.com\/product\/yoast-seo-wordpress\/ -->\n<title>Terms and conditions - Mavitec Rendering<\/title>\n<meta name=\"robots\" content=\"index, follow, max-snippet:-1, max-image-preview:large, max-video-preview:-1\" \/>\n<link rel=\"canonical\" href=\"https:\/\/mavitecrendering.com\/tr\/terms-and-conditions\/\" \/>\n<meta property=\"og:locale\" content=\"tr_TR\" \/>\n<meta property=\"og:type\" content=\"article\" \/>\n<meta property=\"og:title\" content=\"Terms and conditions - Mavitec Rendering\" \/>\n<meta property=\"og:description\" content=\"Download General Terms and Conditions issued by Mavitec B.V. Publication of Mavitec B.V., Galileistraat 32, 1704 SE, Heerhugowaard Chambre of Commerce:Number: 37150089 \u00a9 Mavitec B.V. Terms &#038; Conditions of Sale: Terms &amp; Conditions of Purchase:\" \/>\n<meta property=\"og:url\" content=\"https:\/\/mavitecrendering.com\/tr\/terms-and-conditions\/\" \/>\n<meta property=\"og:site_name\" content=\"Mavitec Rendering\" \/>\n<meta property=\"article:modified_time\" content=\"2021-07-26T07:26:45+00:00\" \/>\n<meta property=\"og:image\" content=\"https:\/\/mavitecrendering.com\/wp-content\/uploads\/2021\/07\/110-united-kingdom.svg\" \/>\n<meta name=\"twitter:card\" content=\"summary_large_image\" \/>\n<meta name=\"twitter:label1\" content=\"Tahmini okuma s\u00fcresi\" \/>\n\t<meta name=\"twitter:data1\" content=\"2 dakika\" \/>\n<script type=\"application\/ld+json\" class=\"yoast-schema-graph\">{\"@context\":\"https:\\\/\\\/schema.org\",\"@graph\":[{\"@type\":\"WebPage\",\"@id\":\"https:\\\/\\\/mavitecrendering.com\\\/terms-and-conditions\\\/\",\"url\":\"https:\\\/\\\/mavitecrendering.com\\\/terms-and-conditions\\\/\",\"name\":\"Terms and conditions - Mavitec Rendering\",\"isPartOf\":{\"@id\":\"https:\\\/\\\/mavitecrendering.com\\\/ru\\\/#website\"},\"primaryImageOfPage\":{\"@id\":\"https:\\\/\\\/mavitecrendering.com\\\/terms-and-conditions\\\/#primaryimage\"},\"image\":{\"@id\":\"https:\\\/\\\/mavitecrendering.com\\\/terms-and-conditions\\\/#primaryimage\"},\"thumbnailUrl\":\"https:\\\/\\\/mavitecrendering.com\\\/wp-content\\\/uploads\\\/2021\\\/07\\\/110-united-kingdom.svg\",\"datePublished\":\"2021-07-01T14:30:56+00:00\",\"dateModified\":\"2021-07-26T07:26:45+00:00\",\"breadcrumb\":{\"@id\":\"https:\\\/\\\/mavitecrendering.com\\\/terms-and-conditions\\\/#breadcrumb\"},\"inLanguage\":\"tr\",\"potentialAction\":[{\"@type\":\"ReadAction\",\"target\":[\"https:\\\/\\\/mavitecrendering.com\\\/terms-and-conditions\\\/\"]}]},{\"@type\":\"ImageObject\",\"inLanguage\":\"tr\",\"@id\":\"https:\\\/\\\/mavitecrendering.com\\\/terms-and-conditions\\\/#primaryimage\",\"url\":\"https:\\\/\\\/mavitecrendering.com\\\/wp-content\\\/uploads\\\/2021\\\/07\\\/110-united-kingdom.svg\",\"contentUrl\":\"https:\\\/\\\/mavitecrendering.com\\\/wp-content\\\/uploads\\\/2021\\\/07\\\/110-united-kingdom.svg\"},{\"@type\":\"BreadcrumbList\",\"@id\":\"https:\\\/\\\/mavitecrendering.com\\\/terms-and-conditions\\\/#breadcrumb\",\"itemListElement\":[{\"@type\":\"ListItem\",\"position\":1,\"name\":\"Home\",\"item\":\"https:\\\/\\\/mavitecrendering.com\\\/\"},{\"@type\":\"ListItem\",\"position\":2,\"name\":\"Terms and conditions\"}]},{\"@type\":\"WebSite\",\"@id\":\"https:\\\/\\\/mavitecrendering.com\\\/ru\\\/#website\",\"url\":\"https:\\\/\\\/mavitecrendering.com\\\/ru\\\/\",\"name\":\"Mavitec Rendering\",\"description\":\"\",\"publisher\":{\"@id\":\"https:\\\/\\\/mavitecrendering.com\\\/ru\\\/#organization\"},\"potentialAction\":[{\"@type\":\"SearchAction\",\"target\":{\"@type\":\"EntryPoint\",\"urlTemplate\":\"https:\\\/\\\/mavitecrendering.com\\\/ru\\\/?s={search_term_string}\"},\"query-input\":{\"@type\":\"PropertyValueSpecification\",\"valueRequired\":true,\"valueName\":\"search_term_string\"}}],\"inLanguage\":\"tr\"},{\"@type\":\"Organization\",\"@id\":\"https:\\\/\\\/mavitecrendering.com\\\/ru\\\/#organization\",\"name\":\"Mavitec Rendering\",\"url\":\"https:\\\/\\\/mavitecrendering.com\\\/ru\\\/\",\"logo\":{\"@type\":\"ImageObject\",\"inLanguage\":\"tr\",\"@id\":\"https:\\\/\\\/mavitecrendering.com\\\/ru\\\/#\\\/schema\\\/logo\\\/image\\\/\",\"url\":\"https:\\\/\\\/mavitecrendering.com\\\/wp-content\\\/uploads\\\/2021\\\/09\\\/Frame-6.svg\",\"contentUrl\":\"https:\\\/\\\/mavitecrendering.com\\\/wp-content\\\/uploads\\\/2021\\\/09\\\/Frame-6.svg\",\"width\":244,\"height\":42,\"caption\":\"Mavitec Rendering\"},\"image\":{\"@id\":\"https:\\\/\\\/mavitecrendering.com\\\/ru\\\/#\\\/schema\\\/logo\\\/image\\\/\"}}]}<\/script>\n<!-- \/ Yoast SEO plugin. -->","yoast_head_json":{"title":"\u015eartlar ve ko\u015fullar - Mavitec Rendering","robots":{"index":"index","follow":"follow","max-snippet":"max-snippet:-1","max-image-preview":"max-image-preview:large","max-video-preview":"max-video-preview:-1"},"canonical":"https:\/\/mavitecrendering.com\/tr\/terms-and-conditions\/","og_locale":"tr_TR","og_type":"article","og_title":"Terms and conditions - Mavitec Rendering","og_description":"Download General Terms and Conditions issued by Mavitec B.V. Publication of Mavitec B.V., Galileistraat 32, 1704 SE, Heerhugowaard Chambre of Commerce:Number: 37150089 \u00a9 Mavitec B.V. Terms &#038; Conditions of Sale: Terms &amp; Conditions of Purchase:","og_url":"https:\/\/mavitecrendering.com\/tr\/terms-and-conditions\/","og_site_name":"Mavitec Rendering","article_modified_time":"2021-07-26T07:26:45+00:00","og_image":[{"url":"https:\/\/mavitecrendering.com\/wp-content\/uploads\/2021\/07\/110-united-kingdom.svg","type":"","width":"","height":""}],"twitter_card":"summary_large_image","twitter_misc":{"Tahmini okuma s\u00fcresi":"2 dakika"},"schema":{"@context":"https:\/\/schema.org","@graph":[{"@type":"WebPage","@id":"https:\/\/mavitecrendering.com\/terms-and-conditions\/","url":"https:\/\/mavitecrendering.com\/terms-and-conditions\/","name":"\u015eartlar ve ko\u015fullar - Mavitec Rendering","isPartOf":{"@id":"https:\/\/mavitecrendering.com\/ru\/#website"},"primaryImageOfPage":{"@id":"https:\/\/mavitecrendering.com\/terms-and-conditions\/#primaryimage"},"image":{"@id":"https:\/\/mavitecrendering.com\/terms-and-conditions\/#primaryimage"},"thumbnailUrl":"https:\/\/mavitecrendering.com\/wp-content\/uploads\/2021\/07\/110-united-kingdom.svg","datePublished":"2021-07-01T14:30:56+00:00","dateModified":"2021-07-26T07:26:45+00:00","breadcrumb":{"@id":"https:\/\/mavitecrendering.com\/terms-and-conditions\/#breadcrumb"},"inLanguage":"tr","potentialAction":[{"@type":"ReadAction","target":["https:\/\/mavitecrendering.com\/terms-and-conditions\/"]}]},{"@type":"ImageObject","inLanguage":"tr","@id":"https:\/\/mavitecrendering.com\/terms-and-conditions\/#primaryimage","url":"https:\/\/mavitecrendering.com\/wp-content\/uploads\/2021\/07\/110-united-kingdom.svg","contentUrl":"https:\/\/mavitecrendering.com\/wp-content\/uploads\/2021\/07\/110-united-kingdom.svg"},{"@type":"BreadcrumbList","@id":"https:\/\/mavitecrendering.com\/terms-and-conditions\/#breadcrumb","itemListElement":[{"@type":"ListItem","position":1,"name":"Home","item":"https:\/\/mavitecrendering.com\/"},{"@type":"ListItem","position":2,"name":"Terms and conditions"}]},{"@type":"WebSite","@id":"https:\/\/mavitecrendering.com\/ru\/#website","url":"https:\/\/mavitecrendering.com\/ru\/","name":"Mavitec Render","description":"","publisher":{"@id":"https:\/\/mavitecrendering.com\/ru\/#organization"},"potentialAction":[{"@type":"SearchAction","target":{"@type":"EntryPoint","urlTemplate":"https:\/\/mavitecrendering.com\/ru\/?s={search_term_string}"},"query-input":{"@type":"PropertyValueSpecification","valueRequired":true,"valueName":"search_term_string"}}],"inLanguage":"tr"},{"@type":"Organization","@id":"https:\/\/mavitecrendering.com\/ru\/#organization","name":"Mavitec Render","url":"https:\/\/mavitecrendering.com\/ru\/","logo":{"@type":"ImageObject","inLanguage":"tr","@id":"https:\/\/mavitecrendering.com\/ru\/#\/schema\/logo\/image\/","url":"https:\/\/mavitecrendering.com\/wp-content\/uploads\/2021\/09\/Frame-6.svg","contentUrl":"https:\/\/mavitecrendering.com\/wp-content\/uploads\/2021\/09\/Frame-6.svg","width":244,"height":42,"caption":"Mavitec Rendering"},"image":{"@id":"https:\/\/mavitecrendering.com\/ru\/#\/schema\/logo\/image\/"}}]}},"_links":{"self":[{"href":"https:\/\/mavitecrendering.com\/tr\/wp-json\/wp\/v2\/pages\/2594","targetHints":{"allow":["GET"]}}],"collection":[{"href":"https:\/\/mavitecrendering.com\/tr\/wp-json\/wp\/v2\/pages"}],"about":[{"href":"https:\/\/mavitecrendering.com\/tr\/wp-json\/wp\/v2\/types\/page"}],"author":[{"embeddable":true,"href":"https:\/\/mavitecrendering.com\/tr\/wp-json\/wp\/v2\/users\/1"}],"replies":[{"embeddable":true,"href":"https:\/\/mavitecrendering.com\/tr\/wp-json\/wp\/v2\/comments?post=2594"}],"version-history":[{"count":0,"href":"https:\/\/mavitecrendering.com\/tr\/wp-json\/wp\/v2\/pages\/2594\/revisions"}],"wp:attachment":[{"href":"https:\/\/mavitecrendering.com\/tr\/wp-json\/wp\/v2\/media?parent=2594"}],"curies":[{"name":"wp","href":"https:\/\/api.w.org\/{rel}","templated":true}]}}