{"id":2428,"date":"2021-07-01T10:00:09","date_gmt":"2021-07-01T08:00:09","guid":{"rendered":"https:\/\/mavitecrendering.com\/?page_id=2428"},"modified":"2024-09-10T09:12:12","modified_gmt":"2024-09-10T07:12:12","slug":"service","status":"publish","type":"page","link":"https:\/\/mavitecrendering.com\/tr\/service\/","title":{"rendered":"Hizmet"},"content":{"rendered":"<div data-elementor-type=\"wp-page\" data-elementor-id=\"2428\" class=\"elementor elementor-2428\" data-elementor-post-type=\"page\">\n\t\t\t\t\t\t<section data-dce-background-image-url=\"https:\/\/mavitecrendering.com\/wp-content\/uploads\/2021\/08\/asdfasdfjal.jpg\" class=\"elementor-section elementor-top-section elementor-element elementor-element-a7c1480 elementor-section-height-min-height elementor-section-boxed elementor-section-height-default elementor-section-items-middle\" data-id=\"a7c1480\" data-element_type=\"section\" data-e-type=\"section\" data-settings=\"{&quot;background_background&quot;:&quot;classic&quot;}\">\n\t\t\t\t\t\t<div class=\"elementor-container elementor-column-gap-default\">\n\t\t\t\t\t<div class=\"elementor-column elementor-col-100 elementor-top-column elementor-element elementor-element-cc969ef\" data-id=\"cc969ef\" data-element_type=\"column\" data-e-type=\"column\">\n\t\t\t<div class=\"elementor-widget-wrap elementor-element-populated\">\n\t\t\t\t\t\t<div class=\"elementor-element elementor-element-3d57763 elementor-mobile-align-center elementor-hidden-desktop elementor-hidden-tablet elementor-widget elementor-widget-breadcrumbs\" data-id=\"3d57763\" data-element_type=\"widget\" data-e-type=\"widget\" data-widget_type=\"breadcrumbs.default\">\n\t\t\t\t<div class=\"elementor-widget-container\">\n\t\t\t\t\t<p id=\"breadcrumbs\"><span><span><a href=\"https:\/\/mavitecrendering.com\/tr\">Ev<\/a><\/span><\/span><\/p>\t\t\t\t<\/div>\n\t\t\t\t<\/div>\n\t\t\t\t<div class=\"elementor-element elementor-element-8585973 elementor-hidden-desktop elementor-hidden-tablet elementor-widget elementor-widget-heading\" data-id=\"8585973\" data-element_type=\"widget\" data-e-type=\"widget\" data-widget_type=\"heading.default\">\n\t\t\t\t<div class=\"elementor-widget-container\">\n\t\t\t\t\t<h2 class=\"elementor-heading-title elementor-size-default\">Hizmet<\/h2>\t\t\t\t<\/div>\n\t\t\t\t<\/div>\n\t\t\t\t\t<\/div>\n\t\t<\/div>\n\t\t\t\t\t<\/div>\n\t\t<\/section>\n\t\t\t\t<section class=\"elementor-section elementor-top-section elementor-element elementor-element-64c6d9f elementor-hidden-phone elementor-section-boxed elementor-section-height-default elementor-section-height-default\" data-id=\"64c6d9f\" data-element_type=\"section\" data-e-type=\"section\">\n\t\t\t\t\t\t<div class=\"elementor-container elementor-column-gap-default\">\n\t\t\t\t\t<div class=\"elementor-column elementor-col-100 elementor-top-column elementor-element elementor-element-910d8bd\" data-id=\"910d8bd\" data-element_type=\"column\" data-e-type=\"column\">\n\t\t\t<div class=\"elementor-widget-wrap elementor-element-populated\">\n\t\t\t\t\t\t<div data-dce-title-color=\"#2E3532\" class=\"elementor-element elementor-element-0b040ff elementor-widget__width-auto elementor-widget elementor-widget-heading\" data-id=\"0b040ff\" data-element_type=\"widget\" data-e-type=\"widget\" data-widget_type=\"heading.default\">\n\t\t\t\t<div class=\"elementor-widget-container\">\n\t\t\t\t\t<h2 class=\"elementor-heading-title elementor-size-default\">Hizmet<\/h2>\t\t\t\t<\/div>\n\t\t\t\t<\/div>\n\t\t\t\t\t<\/div>\n\t\t<\/div>\n\t\t\t\t\t<\/div>\n\t\t<\/section>\n\t\t\t\t<section class=\"elementor-section elementor-top-section elementor-element elementor-element-7da24b4 elementor-section-boxed elementor-section-height-default elementor-section-height-default\" data-id=\"7da24b4\" data-element_type=\"section\" data-e-type=\"section\">\n\t\t\t\t\t\t<div class=\"elementor-container elementor-column-gap-default\">\n\t\t\t\t\t<div class=\"elementor-column elementor-col-100 elementor-top-column elementor-element elementor-element-46adfa3\" data-id=\"46adfa3\" data-element_type=\"column\" data-e-type=\"column\">\n\t\t\t<div class=\"elementor-widget-wrap elementor-element-populated\">\n\t\t\t\t\t\t<div data-dce-title-color=\"#2E3532\" class=\"elementor-element elementor-element-a572f24 elementor-widget elementor-widget-heading\" data-id=\"a572f24\" data-element_type=\"widget\" data-e-type=\"widget\" data-widget_type=\"heading.default\">\n\t\t\t\t<div class=\"elementor-widget-container\">\n\t\t\t\t\t<h2 class=\"elementor-heading-title elementor-size-default\">\u00d6nleyici bak\u0131m ve s\u00fcre\u00e7 iyile\u015ftirme<\/h2>\t\t\t\t<\/div>\n\t\t\t\t<\/div>\n\t\t\t\t<div class=\"elementor-element elementor-element-20af738 elementor-widget elementor-widget-heading\" data-id=\"20af738\" data-element_type=\"widget\" data-e-type=\"widget\" data-widget_type=\"heading.default\">\n\t\t\t\t<div class=\"elementor-widget-container\">\n\t\t\t\t\t<h3 class=\"elementor-heading-title elementor-size-default\">Servis ve Yard\u0131m<\/h3>\t\t\t\t<\/div>\n\t\t\t\t<\/div>\n\t\t\t\t<div class=\"elementor-element elementor-element-4e4e916 elementor-widget elementor-widget-text-editor\" data-id=\"4e4e916\" data-element_type=\"widget\" data-e-type=\"widget\" data-widget_type=\"text-editor.default\">\n\t\t\t\t<div class=\"elementor-widget-container\">\n\t\t\t\t\t\t\t\t\t<p>Mavitec Sat\u0131\u015f Sonras\u0131 Servis, duru\u015f s\u00fcresini en aza indirmek, genel maliyetleri azaltmak ve sonu\u00e7 olarak daha iyi bir ciro ile en kaliteli nihai \u00fcr\u00fcnleri sa\u011flamak i\u00e7in \u00f6nleyici bak\u0131m ve s\u00fcre\u00e7 optimizasyonu sunar.<\/p><p>Servis m\u00fchendislerimiz d\u00fczenli olarak tefti\u015fler yapar ve bulgular ve tavsiyeler i\u00e7eren eksiksiz bir rapor sunar. S\u00fcre\u00e7 iyile\u015ftirme, optimum \u00fcr\u00fcn kalitesi ve en y\u00fcksek hat verimlili\u011fini ger\u00e7ekle\u015ftirmek i\u00e7in derinlemesine s\u00fcre\u00e7 ve teknik bilgisini birle\u015ftiriyoruz.<\/p><p>D\u00fcnyan\u0131n her yerindeki servis noktalar\u0131, h\u0131zl\u0131 destek, daha k\u0131sa seyahat s\u00fcreleri ve yerel dillerde destek sa\u011flamak i\u00e7in m\u00fc\u015fterilere yerel olarak ve k\u0131sa s\u00fcrede hizmet verir. Proses optimizasyonu, makine yedek par\u00e7alar\u0131, revizyon, revizyonlar ve iyile\u015ftirmeler konusunda onlarca y\u0131ll\u0131k tecr\u00fcbemizle tesisinizi daha karl\u0131 hale getirebiliriz.<\/p><p>Servis ekiplerimiz ayr\u0131ca kurulum i\u015fleri ve anahtar teslimi projeler konusunda da yard\u0131mc\u0131 olabilir.<\/p>\t\t\t\t\t\t\t\t<\/div>\n\t\t\t\t<\/div>\n\t\t\t\t<div class=\"elementor-element elementor-element-580a43f elementor-widget elementor-widget-heading\" data-id=\"580a43f\" data-element_type=\"widget\" data-e-type=\"widget\" data-widget_type=\"heading.default\">\n\t\t\t\t<div class=\"elementor-widget-container\">\n\t\t\t\t\t<h3 class=\"elementor-heading-title elementor-size-default\">Hizmet paketleri<\/h3>\t\t\t\t<\/div>\n\t\t\t\t<\/div>\n\t\t\t\t<div class=\"elementor-element elementor-element-1c848f2 elementor-widget elementor-widget-text-editor\" data-id=\"1c848f2\" data-element_type=\"widget\" data-e-type=\"widget\" data-widget_type=\"text-editor.default\">\n\t\t\t\t<div class=\"elementor-widget-container\">\n\t\t\t\t\t\t\t\t\t<p>Bak\u0131m, kurulumun s\u00fcreklili\u011fini sa\u011flamak i\u00e7in \u00f6nemlidir, ancak genellikle i\u015fletme maliyetlerinin b\u00fcy\u00fck bir b\u00f6l\u00fcm\u00fcn\u00fc olu\u015fturur. Mavitec, gereksiz aksama s\u00fcrelerini en aza indiren \u00e7e\u015fitli hizmet paketleri sunar. Bununla operasyonel g\u00fcvenilirli\u011fi art\u0131rabilir ve maksimum getiri elde edebilirsiniz.<\/p>\t\t\t\t\t\t\t\t<\/div>\n\t\t\t\t<\/div>\n\t\t\t\t<div class=\"elementor-element elementor-element-472766c elementor-widget elementor-widget-heading\" data-id=\"472766c\" data-element_type=\"widget\" data-e-type=\"widget\" data-widget_type=\"heading.default\">\n\t\t\t\t<div class=\"elementor-widget-container\">\n\t\t\t\t\t<h3 class=\"elementor-heading-title elementor-size-default\">Avantajlar Mavitec Servis<\/h3>\t\t\t\t<\/div>\n\t\t\t\t<\/div>\n\t\t\t\t<div class=\"elementor-element elementor-element-5f7264c elementor-widget elementor-widget-text-editor\" data-id=\"5f7264c\" data-element_type=\"widget\" data-e-type=\"widget\" data-widget_type=\"text-editor.default\">\n\t\t\t\t<div class=\"elementor-widget-container\">\n\t\t\t\t\t\t\t\t\t<ul><li>Maksimum \u00e7al\u0131\u015fma s\u00fcresi<\/li><li>Daha y\u00fcksek kapasite<\/li><li>s\u00fcreklilik<\/li><li>Daha d\u00fc\u015f\u00fck i\u015fletme maliyetleri<\/li><li>Daha kaliteli son \u00fcr\u00fcnler<\/li><li>Daha y\u00fcksek kar<\/li><\/ul><p><br \/>Mavitec g\u00fcvenebilece\u011finiz bir hizmet sunar.<br \/><br \/>Mavitec Rendering Hizmet Paketi ile ilgileniyor musunuz?<\/p><p>Bizimle ileti\u015fime ge\u00e7mekten ka\u00e7\u0131nmay\u0131n<\/p>\t\t\t\t\t\t\t\t<\/div>\n\t\t\t\t<\/div>\n\t\t\t\t<div data-dce-text-color=\"#7FB662\" class=\"elementor-element elementor-element-df51ad6 elementor-icon-list--layout-traditional elementor-list-item-link-full_width elementor-widget elementor-widget-icon-list\" data-id=\"df51ad6\" data-element_type=\"widget\" data-e-type=\"widget\" data-widget_type=\"icon-list.default\">\n\t\t\t\t<div class=\"elementor-widget-container\">\n\t\t\t\t\t\t\t<ul class=\"elementor-icon-list-items\">\n\t\t\t\t\t\t\t<li class=\"elementor-icon-list-item\">\n\t\t\t\t\t\t\t\t\t\t\t<a href=\"tel:+3172%20574%2059%2088\">\n\n\t\t\t\t\t\t\t\t\t\t\t<span class=\"elementor-icon-list-text\">+31 (0)72 574 59 88<\/span>\n\t\t\t\t\t\t\t\t\t\t\t<\/a>\n\t\t\t\t\t\t\t\t\t<\/li>\n\t\t\t\t\t\t\t\t<li class=\"elementor-icon-list-item\">\n\t\t\t\t\t\t\t\t\t\t\t<a href=\"mailto:service@mavitec.com\">\n\n\t\t\t\t\t\t\t\t\t\t\t<span class=\"elementor-icon-list-text\">service@mavitec.com<\/span>\n\t\t\t\t\t\t\t\t\t\t\t<\/a>\n\t\t\t\t\t\t\t\t\t<\/li>\n\t\t\t\t\t\t<\/ul>\n\t\t\t\t\t\t<\/div>\n\t\t\t\t<\/div>\n\t\t\t\t\t<\/div>\n\t\t<\/div>\n\t\t\t\t\t<\/div>\n\t\t<\/section>\n\t\t\t\t<\/div>","protected":false},"excerpt":{"rendered":"<p>Preventive maintenance &#038; process improvement Service &#038; Assistance Mavitec After Sales Service offers preventive maintenance and process optimization in order to minimize downtime, reduce overall costs and ensure the best quality end-products with a better turnover as a result. Our service engineers conduct inspections on a regular basis and provide a full report with findings [&hellip;]<\/p>\n","protected":false},"author":1,"featured_media":0,"parent":0,"menu_order":0,"comment_status":"closed","ping_status":"closed","template":"","meta":{"_acf_changed":false,"footnotes":""},"class_list":["post-2428","page","type-page","status-publish","hentry"],"acf":[],"yoast_head":"<!-- This site is optimized with the Yoast SEO plugin v27.3 - https:\/\/yoast.com\/product\/yoast-seo-wordpress\/ -->\n<title>Service - Mavitec Rendering<\/title>\n<meta name=\"robots\" content=\"index, follow, max-snippet:-1, max-image-preview:large, max-video-preview:-1\" \/>\n<link rel=\"canonical\" href=\"https:\/\/mavitecrendering.com\/tr\/service\/\" \/>\n<meta property=\"og:locale\" content=\"tr_TR\" \/>\n<meta property=\"og:type\" content=\"article\" \/>\n<meta property=\"og:title\" content=\"Service - Mavitec Rendering\" \/>\n<meta property=\"og:description\" content=\"Preventive maintenance &#038; process improvement Service &#038; Assistance Mavitec After Sales Service offers preventive maintenance and process optimization in order to minimize downtime, reduce overall costs and ensure the best quality end-products with a better turnover as a result. Our service engineers conduct inspections on a regular basis and provide a full report with findings [&hellip;]\" \/>\n<meta property=\"og:url\" content=\"https:\/\/mavitecrendering.com\/tr\/service\/\" \/>\n<meta property=\"og:site_name\" content=\"Mavitec Rendering\" \/>\n<meta property=\"article:modified_time\" content=\"2024-09-10T07:12:12+00:00\" \/>\n<meta name=\"twitter:card\" content=\"summary_large_image\" \/>\n<meta name=\"twitter:label1\" content=\"Tahmini okuma s\u00fcresi\" \/>\n\t<meta name=\"twitter:data1\" content=\"1 dakika\" \/>\n<script type=\"application\/ld+json\" class=\"yoast-schema-graph\">{\"@context\":\"https:\\\/\\\/schema.org\",\"@graph\":[{\"@type\":\"WebPage\",\"@id\":\"https:\\\/\\\/mavitecrendering.com\\\/service\\\/\",\"url\":\"https:\\\/\\\/mavitecrendering.com\\\/service\\\/\",\"name\":\"Service - Mavitec Rendering\",\"isPartOf\":{\"@id\":\"https:\\\/\\\/mavitecrendering.com\\\/ru\\\/#website\"},\"datePublished\":\"2021-07-01T08:00:09+00:00\",\"dateModified\":\"2024-09-10T07:12:12+00:00\",\"breadcrumb\":{\"@id\":\"https:\\\/\\\/mavitecrendering.com\\\/service\\\/#breadcrumb\"},\"inLanguage\":\"tr\",\"potentialAction\":[{\"@type\":\"ReadAction\",\"target\":[\"https:\\\/\\\/mavitecrendering.com\\\/service\\\/\"]}]},{\"@type\":\"BreadcrumbList\",\"@id\":\"https:\\\/\\\/mavitecrendering.com\\\/service\\\/#breadcrumb\",\"itemListElement\":[{\"@type\":\"ListItem\",\"position\":1,\"name\":\"Home\",\"item\":\"https:\\\/\\\/mavitecrendering.com\\\/\"},{\"@type\":\"ListItem\",\"position\":2,\"name\":\"Service\"}]},{\"@type\":\"WebSite\",\"@id\":\"https:\\\/\\\/mavitecrendering.com\\\/ru\\\/#website\",\"url\":\"https:\\\/\\\/mavitecrendering.com\\\/ru\\\/\",\"name\":\"Mavitec Rendering\",\"description\":\"\",\"publisher\":{\"@id\":\"https:\\\/\\\/mavitecrendering.com\\\/ru\\\/#organization\"},\"potentialAction\":[{\"@type\":\"SearchAction\",\"target\":{\"@type\":\"EntryPoint\",\"urlTemplate\":\"https:\\\/\\\/mavitecrendering.com\\\/ru\\\/?s={search_term_string}\"},\"query-input\":{\"@type\":\"PropertyValueSpecification\",\"valueRequired\":true,\"valueName\":\"search_term_string\"}}],\"inLanguage\":\"tr\"},{\"@type\":\"Organization\",\"@id\":\"https:\\\/\\\/mavitecrendering.com\\\/ru\\\/#organization\",\"name\":\"Mavitec Rendering\",\"url\":\"https:\\\/\\\/mavitecrendering.com\\\/ru\\\/\",\"logo\":{\"@type\":\"ImageObject\",\"inLanguage\":\"tr\",\"@id\":\"https:\\\/\\\/mavitecrendering.com\\\/ru\\\/#\\\/schema\\\/logo\\\/image\\\/\",\"url\":\"https:\\\/\\\/mavitecrendering.com\\\/wp-content\\\/uploads\\\/2021\\\/09\\\/Frame-6.svg\",\"contentUrl\":\"https:\\\/\\\/mavitecrendering.com\\\/wp-content\\\/uploads\\\/2021\\\/09\\\/Frame-6.svg\",\"width\":244,\"height\":42,\"caption\":\"Mavitec Rendering\"},\"image\":{\"@id\":\"https:\\\/\\\/mavitecrendering.com\\\/ru\\\/#\\\/schema\\\/logo\\\/image\\\/\"}}]}<\/script>\n<!-- \/ Yoast SEO plugin. -->","yoast_head_json":{"title":"Servis - Mavitec Render","robots":{"index":"index","follow":"follow","max-snippet":"max-snippet:-1","max-image-preview":"max-image-preview:large","max-video-preview":"max-video-preview:-1"},"canonical":"https:\/\/mavitecrendering.com\/tr\/service\/","og_locale":"tr_TR","og_type":"article","og_title":"Service - Mavitec Rendering","og_description":"Preventive maintenance &#038; process improvement Service &#038; Assistance Mavitec After Sales Service offers preventive maintenance and process optimization in order to minimize downtime, reduce overall costs and ensure the best quality end-products with a better turnover as a result. Our service engineers conduct inspections on a regular basis and provide a full report with findings [&hellip;]","og_url":"https:\/\/mavitecrendering.com\/tr\/service\/","og_site_name":"Mavitec Rendering","article_modified_time":"2024-09-10T07:12:12+00:00","twitter_card":"summary_large_image","twitter_misc":{"Tahmini okuma s\u00fcresi":"1 dakika"},"schema":{"@context":"https:\/\/schema.org","@graph":[{"@type":"WebPage","@id":"https:\/\/mavitecrendering.com\/service\/","url":"https:\/\/mavitecrendering.com\/service\/","name":"Servis - Mavitec Render","isPartOf":{"@id":"https:\/\/mavitecrendering.com\/ru\/#website"},"datePublished":"2021-07-01T08:00:09+00:00","dateModified":"2024-09-10T07:12:12+00:00","breadcrumb":{"@id":"https:\/\/mavitecrendering.com\/service\/#breadcrumb"},"inLanguage":"tr","potentialAction":[{"@type":"ReadAction","target":["https:\/\/mavitecrendering.com\/service\/"]}]},{"@type":"BreadcrumbList","@id":"https:\/\/mavitecrendering.com\/service\/#breadcrumb","itemListElement":[{"@type":"ListItem","position":1,"name":"Home","item":"https:\/\/mavitecrendering.com\/"},{"@type":"ListItem","position":2,"name":"Service"}]},{"@type":"WebSite","@id":"https:\/\/mavitecrendering.com\/ru\/#website","url":"https:\/\/mavitecrendering.com\/ru\/","name":"Mavitec Render","description":"","publisher":{"@id":"https:\/\/mavitecrendering.com\/ru\/#organization"},"potentialAction":[{"@type":"SearchAction","target":{"@type":"EntryPoint","urlTemplate":"https:\/\/mavitecrendering.com\/ru\/?s={search_term_string}"},"query-input":{"@type":"PropertyValueSpecification","valueRequired":true,"valueName":"search_term_string"}}],"inLanguage":"tr"},{"@type":"Organization","@id":"https:\/\/mavitecrendering.com\/ru\/#organization","name":"Mavitec Render","url":"https:\/\/mavitecrendering.com\/ru\/","logo":{"@type":"ImageObject","inLanguage":"tr","@id":"https:\/\/mavitecrendering.com\/ru\/#\/schema\/logo\/image\/","url":"https:\/\/mavitecrendering.com\/wp-content\/uploads\/2021\/09\/Frame-6.svg","contentUrl":"https:\/\/mavitecrendering.com\/wp-content\/uploads\/2021\/09\/Frame-6.svg","width":244,"height":42,"caption":"Mavitec Rendering"},"image":{"@id":"https:\/\/mavitecrendering.com\/ru\/#\/schema\/logo\/image\/"}}]}},"_links":{"self":[{"href":"https:\/\/mavitecrendering.com\/tr\/wp-json\/wp\/v2\/pages\/2428","targetHints":{"allow":["GET"]}}],"collection":[{"href":"https:\/\/mavitecrendering.com\/tr\/wp-json\/wp\/v2\/pages"}],"about":[{"href":"https:\/\/mavitecrendering.com\/tr\/wp-json\/wp\/v2\/types\/page"}],"author":[{"embeddable":true,"href":"https:\/\/mavitecrendering.com\/tr\/wp-json\/wp\/v2\/users\/1"}],"replies":[{"embeddable":true,"href":"https:\/\/mavitecrendering.com\/tr\/wp-json\/wp\/v2\/comments?post=2428"}],"version-history":[{"count":9,"href":"https:\/\/mavitecrendering.com\/tr\/wp-json\/wp\/v2\/pages\/2428\/revisions"}],"predecessor-version":[{"id":7075,"href":"https:\/\/mavitecrendering.com\/tr\/wp-json\/wp\/v2\/pages\/2428\/revisions\/7075"}],"wp:attachment":[{"href":"https:\/\/mavitecrendering.com\/tr\/wp-json\/wp\/v2\/media?parent=2428"}],"curies":[{"name":"wp","href":"https:\/\/api.w.org\/{rel}","templated":true}]}}