{"id":3770,"date":"2021-07-27T08:42:43","date_gmt":"2021-07-27T06:42:43","guid":{"rendered":"https:\/\/mavitecrendering.com\/?page_id=3770"},"modified":"2021-07-27T08:45:51","modified_gmt":"2021-07-27T06:45:51","slug":"privacy-policy","status":"publish","type":"page","link":"https:\/\/mavitecrendering.com\/de\/privacy-policy\/","title":{"rendered":"Hinweise zum Datenschutz"},"content":{"rendered":"<div data-elementor-type=\"wp-page\" data-elementor-id=\"3770\" class=\"elementor elementor-3770\" data-elementor-post-type=\"page\">\n\t\t\t\t\t\t<section class=\"elementor-section elementor-top-section elementor-element elementor-element-3730a849 elementor-section-boxed elementor-section-height-default elementor-section-height-default\" data-id=\"3730a849\" data-element_type=\"section\" data-e-type=\"section\">\n\t\t\t\t\t\t<div class=\"elementor-container elementor-column-gap-default\">\n\t\t\t\t\t<div class=\"elementor-column elementor-col-100 elementor-top-column elementor-element elementor-element-154cac15\" data-id=\"154cac15\" data-element_type=\"column\" data-e-type=\"column\">\n\t\t\t<div class=\"elementor-widget-wrap elementor-element-populated\">\n\t\t\t\t\t\t<div class=\"elementor-element elementor-element-6e663bd2 elementor-widget elementor-widget-text-editor\" data-id=\"6e663bd2\" data-element_type=\"widget\" data-e-type=\"widget\" data-widget_type=\"text-editor.default\">\n\t\t\t\t<div class=\"elementor-widget-container\">\n\t\t\t\t\t\t\t\t\t<p>DATENSCHUTZ-BESTIMMUNGEN<\/p><p>Mavitec BV mit Sitz in Galileistraat 32, 1704 SE Heerhugowaard, Niederlande, ist f\u00fcr die Verarbeitung personenbezogener Daten gem\u00e4\u00df dieser Datenschutzerkl\u00e4rung verantwortlich.<\/p><p><strong>Kontaktdetails:<\/strong><\/p><p><a href=\"https:\/\/www.mavitec.com\">https:\/\/www.mavitec.com<\/a><\/p><p>Galileistraat 32<br>1704 SE Heerhugowaard<br>Die Niederlande<br>+31 (0)72 574 59 88<\/p><p><strong>Personenbezogene Daten, die wir verarbeiten<\/strong><\/p><p>Mavitec BV verarbeitet Ihre personenbezogenen Daten, weil Sie unsere Dienste nutzen und\/oder uns diese selbst zur Verf\u00fcgung stellen.<\/p><p><strong>Nachfolgend finden Sie eine \u00dcbersicht \u00fcber die von uns verarbeiteten personenbezogenen Daten:<\/strong><\/p><p>- Vor-und Nachname<\/p><p>- E-Mail-Addresse<\/p><p>- IP Adresse<\/p><p>- Standortdaten<\/p><p>\u2013 Informationen \u00fcber Ihre Aktivit\u00e4ten auf unserer Website<\/p><p>\u2013 Internetbrowser und Ger\u00e4tetyp<\/p><p><strong>Besondere und\/oder sensible personenbezogene Daten, die wir verarbeiten<\/strong><\/p><p>Unsere Website und\/oder unser Dienst beabsichtigt nicht, Daten \u00fcber Website-Besucher zu sammeln, die j\u00fcnger als 16 Jahre sind. Es sei denn, sie haben die Erlaubnis der Eltern oder Erziehungsberechtigten. Wir k\u00f6nnen jedoch nicht \u00fcberpr\u00fcfen, ob ein Besucher \u00e4lter als 16 Jahre ist. Wir empfehlen daher Eltern, sich an den Online-Aktivit\u00e4ten ihrer Kinder zu beteiligen, um zu verhindern, dass Daten \u00fcber Kinder ohne Zustimmung der Eltern erhoben werden. Wenn Sie \u00fcberzeugt sind, dass wir ohne diese Erlaubnis personenbezogene Daten eines Minderj\u00e4hrigen gesammelt haben, kontaktieren Sie uns bitte unter info@mavitec.com und wir werden diese Daten l\u00f6schen.<\/p><p><strong>Zu welchem Zweck und auf welcher Grundlage verarbeiten wir personenbezogene Daten <\/strong><\/p><p>Mavitec BV verarbeitet Ihre personenbezogenen Daten zu folgenden Zwecken:<\/p><p>\u2013 Zusendung unseres Newsletters und\/oder unserer Werbebrosch\u00fcre<\/p><p>\u2013 Um Sie anrufen oder Ihnen eine E-Mail senden zu k\u00f6nnen, wenn dies zur Erbringung unserer Dienstleistungen erforderlich ist<\/p><p>\u2013 Informieren Sie \u00fcber \u00c4nderungen unserer Dienstleistungen und Produkte<\/p><p><strong>Wie lange wir personenbezogene Daten aufbewahren<\/strong><\/p><p>Mavitec BV speichert Ihre personenbezogenen Daten nicht l\u00e4nger als unbedingt erforderlich, um die Zwecke zu erf\u00fcllen, f\u00fcr die Ihre Daten erhoben werden.<\/p><p><strong>Weitergabe personenbezogener Daten an Dritte<\/strong><\/p><p>Mavitec BV liefert nur an Dritte und nur dann, wenn dies f\u00fcr die Ausf\u00fchrung unserer Vereinbarung mit Ihnen oder zur Erf\u00fcllung einer gesetzlichen Verpflichtung erforderlich ist.<\/p><p><strong>Cookies oder \u00e4hnliche Techniken, die wir verwenden<\/strong><\/p><p>Mavitec BV verwendet funktionale, analytische und Tracking-Cookies. Ein Cookie ist eine kleine Textdatei, die beim ersten Besuch dieser Website im Browser Ihres Computers, Tablets oder Smartphones gespeichert wird. Mavitec BV verwendet Cookies mit rein technischer Funktionalit\u00e4t. Diese stellen sicher, dass die Website ordnungsgem\u00e4\u00df funktioniert und beispielsweise Ihre bevorzugten Einstellungen gespeichert werden. Diese Cookies werden auch verwendet, damit die Website ordnungsgem\u00e4\u00df funktioniert und optimiert werden kann. Dar\u00fcber hinaus platzieren wir Cookies, die Ihr Surfverhalten verfolgen, damit wir ma\u00dfgeschneiderte Inhalte und Werbung anbieten k\u00f6nnen.<\/p><p>Bei Ihrem ersten Besuch auf unserer Website haben wir Sie bereits \u00fcber diese Cookies informiert und um Erlaubnis gebeten, diese zu platzieren. Sie k\u00f6nnen Cookies ablehnen, indem Sie Ihren Internetbrowser so einstellen, dass er keine Cookies mehr speichert. Dar\u00fcber hinaus k\u00f6nnen Sie auch alle zuvor gespeicherten Informationen \u00fcber die Einstellungen Ihres Browsers l\u00f6schen.<\/p><p><strong>Daten anzeigen, \u00e4ndern oder l\u00f6schen<\/strong><\/p><p>Sie haben das Recht, Ihre personenbezogenen Daten einzusehen, zu korrigieren oder zu l\u00f6schen. Dar\u00fcber hinaus haben Sie das Recht, Ihre Einwilligung zur Datenverarbeitung zu widerrufen oder der Verarbeitung Ihrer personenbezogenen Daten durch Mavitec BV zu widersprechen und Sie haben das Recht auf Daten\u00fcbertragbarkeit. Das bedeutet, dass Sie eine Anfrage an uns richten k\u00f6nnen, um die personenbezogenen Daten, die wir \u00fcber Sie in einer Computerdatei haben, an Sie oder eine andere von Ihnen genannte Organisation zu senden.<\/p><p>Sie k\u00f6nnen einen Antrag auf Auskunft, Berichtigung, L\u00f6schung, Daten\u00fcbertragung Ihrer personenbezogenen Daten oder auf Widerruf Ihrer Einwilligung oder Widerspruch gegen die Verarbeitung Ihrer personenbezogenen Daten an info@mavitec.com senden.<\/p><p>Um sicherzustellen, dass der Antrag auf Zugang von Ihnen gestellt wurde, bitten wir Sie, dem Antrag eine Kopie Ihres Identit\u00e4tsnachweises beizuf\u00fcgen. Machen Sie in dieser Kopie Ihr Passfoto, MRZ (maschinenlesbare Zone, der Nummernstreifen am unteren Rand des Passes), Passnummer und B\u00fcrgerservicenummer (BSN) schwarz. Dies dient dem Schutz Ihrer Privatsph\u00e4re. Wir werden Ihre Anfrage so schnell wie m\u00f6glich, jedoch innerhalb von vier Wochen, beantworten.<\/p><p>Mavitec BV weist auch darauf hin, dass Sie die M\u00f6glichkeit haben, eine Beschwerde bei der nationalen Aufsichtsbeh\u00f6rde, der niederl\u00e4ndischen Datenschutzbeh\u00f6rde, einzureichen. Sie k\u00f6nnen dies \u00fcber den folgenden Link tun: https:\/\/autoriteitpersoonsgegevens.nl\/nl\/contact-met-de-autoriteit-persoonsgegevens\/tip-ons<\/p><p><strong>Wie wir personenbezogene Daten sch\u00fctzen<\/strong><\/p><p>Mavitec BV nimmt den Schutz Ihrer Daten ernst und ergreift geeignete Ma\u00dfnahmen, um Missbrauch, Verlust, unbefugten Zugriff, ungewollte Offenlegung und unbefugte \u00c4nderung zu verhindern. Sollten Sie den Eindruck haben, dass Ihre Daten nicht ordnungsgem\u00e4\u00df gesichert sind oder Hinweise auf Missbrauch vorliegen, wenden Sie sich bitte an unseren Kundenservice oder \u00fcber info@mavitec.com<\/p>\t\t\t\t\t\t\t\t<\/div>\n\t\t\t\t<\/div>\n\t\t\t\t\t<\/div>\n\t\t<\/div>\n\t\t\t\t\t<\/div>\n\t\t<\/section>\n\t\t\t\t<section class=\"elementor-section elementor-top-section elementor-element elementor-element-27c991e elementor-section-boxed elementor-section-height-default elementor-section-height-default\" data-id=\"27c991e\" data-element_type=\"section\" data-e-type=\"section\">\n\t\t\t\t\t\t<div class=\"elementor-container elementor-column-gap-default\">\n\t\t\t\t\t<div class=\"elementor-column elementor-col-100 elementor-top-column elementor-element elementor-element-4a8a89d\" data-id=\"4a8a89d\" data-element_type=\"column\" data-e-type=\"column\">\n\t\t\t<div class=\"elementor-widget-wrap elementor-element-populated\">\n\t\t\t\t\t\t<div class=\"elementor-element elementor-element-fdb3236 elementor-widget elementor-widget-heading\" data-id=\"fdb3236\" data-element_type=\"widget\" data-e-type=\"widget\" data-widget_type=\"heading.default\">\n\t\t\t\t<div class=\"elementor-widget-container\">\n\t\t\t\t\t<h3 class=\"elementor-heading-title elementor-size-default\">Datenschutzerkl\u00e4rung herunterladen <\/h3>\t\t\t\t<\/div>\n\t\t\t\t<\/div>\n\t\t\t\t<div class=\"elementor-element elementor-element-fca1c96 elementor-widget__width-auto dce_masking-none elementor-widget elementor-widget-image\" data-id=\"fca1c96\" data-element_type=\"widget\" data-e-type=\"widget\" data-widget_type=\"image.default\">\n\t\t\t\t<div class=\"elementor-widget-container\">\n\t\t\t\t\t\t\t\t\t\t\t\t\t\t\t\t<a href=\"https:\/\/mavitecrendering.com\/wp-content\/uploads\/2021\/07\/Privacy-Policy-Mavitec-BV-ENGLISH.pdf\" download=\"\">\n\t\t\t\t\t\t\t<img fetchpriority=\"high\" decoding=\"async\" width=\"512\" height=\"512\" src=\"https:\/\/mavitecrendering.com\/wp-content\/uploads\/2021\/07\/110-united-kingdom.svg\" class=\"attachment-full size-full wp-image-2609\" alt=\"\" \/>\t\t\t\t\t\t\t\t<\/a>\n\t\t\t\t\t\t\t\t\t\t\t\t\t\t\t<\/div>\n\t\t\t\t<\/div>\n\t\t\t\t\t<\/div>\n\t\t<\/div>\n\t\t\t\t\t<\/div>\n\t\t<\/section>\n\t\t\t\t<\/div>","protected":false},"excerpt":{"rendered":"<p>PRIVACY POLICY Mavitec B.V., located at Galileistraat 32, 1704 SE Heerhugowaard, The Netherlands, is responsible for the processing of personal data as shown in this privacy statement. Contact details: https:\/\/www.mavitec.com Galileistraat 321704 SE HeerhugowaardThe Netherlands+31 (0)72 574 59 88 Personal data we process Mavitec B.V. processes your personal data because you use our services and\/or [&hellip;]<\/p>\n","protected":false},"author":1,"featured_media":0,"parent":0,"menu_order":0,"comment_status":"closed","ping_status":"closed","template":"","meta":{"_acf_changed":false,"footnotes":""},"class_list":["post-3770","page","type-page","status-publish","hentry"],"acf":[],"yoast_head":"<!-- This site is optimized with the Yoast SEO plugin v27.3 - https:\/\/yoast.com\/product\/yoast-seo-wordpress\/ -->\n<title>Privacy policy - Mavitec Rendering<\/title>\n<meta name=\"robots\" content=\"index, follow, max-snippet:-1, max-image-preview:large, max-video-preview:-1\" \/>\n<link rel=\"canonical\" href=\"https:\/\/mavitecrendering.com\/de\/privacy-policy\/\" \/>\n<meta property=\"og:locale\" content=\"de_DE\" \/>\n<meta property=\"og:type\" content=\"article\" \/>\n<meta property=\"og:title\" content=\"Privacy policy - Mavitec Rendering\" \/>\n<meta property=\"og:description\" content=\"PRIVACY POLICY Mavitec B.V., located at Galileistraat 32, 1704 SE Heerhugowaard, The Netherlands, is responsible for the processing of personal data as shown in this privacy statement. Contact details: https:\/\/www.mavitec.com Galileistraat 321704 SE HeerhugowaardThe Netherlands+31 (0)72 574 59 88 Personal data we process Mavitec B.V. processes your personal data because you use our services and\/or [&hellip;]\" \/>\n<meta property=\"og:url\" content=\"https:\/\/mavitecrendering.com\/de\/privacy-policy\/\" \/>\n<meta property=\"og:site_name\" content=\"Mavitec Rendering\" \/>\n<meta property=\"article:modified_time\" content=\"2021-07-27T06:45:51+00:00\" \/>\n<meta property=\"og:image\" content=\"https:\/\/mavitecrendering.com\/wp-content\/uploads\/2021\/07\/110-united-kingdom.svg\" \/>\n<meta name=\"twitter:card\" content=\"summary_large_image\" \/>\n<meta name=\"twitter:label1\" content=\"Gesch\u00e4tzte Lesezeit\" \/>\n\t<meta name=\"twitter:data1\" content=\"4\u00a0Minuten\" \/>\n<script type=\"application\/ld+json\" class=\"yoast-schema-graph\">{\"@context\":\"https:\\\/\\\/schema.org\",\"@graph\":[{\"@type\":\"WebPage\",\"@id\":\"https:\\\/\\\/mavitecrendering.com\\\/privacy-policy\\\/\",\"url\":\"https:\\\/\\\/mavitecrendering.com\\\/privacy-policy\\\/\",\"name\":\"Privacy policy - Mavitec Rendering\",\"isPartOf\":{\"@id\":\"https:\\\/\\\/mavitecrendering.com\\\/ru\\\/#website\"},\"primaryImageOfPage\":{\"@id\":\"https:\\\/\\\/mavitecrendering.com\\\/privacy-policy\\\/#primaryimage\"},\"image\":{\"@id\":\"https:\\\/\\\/mavitecrendering.com\\\/privacy-policy\\\/#primaryimage\"},\"thumbnailUrl\":\"https:\\\/\\\/mavitecrendering.com\\\/wp-content\\\/uploads\\\/2021\\\/07\\\/110-united-kingdom.svg\",\"datePublished\":\"2021-07-27T06:42:43+00:00\",\"dateModified\":\"2021-07-27T06:45:51+00:00\",\"breadcrumb\":{\"@id\":\"https:\\\/\\\/mavitecrendering.com\\\/privacy-policy\\\/#breadcrumb\"},\"inLanguage\":\"de\",\"potentialAction\":[{\"@type\":\"ReadAction\",\"target\":[\"https:\\\/\\\/mavitecrendering.com\\\/privacy-policy\\\/\"]}]},{\"@type\":\"ImageObject\",\"inLanguage\":\"de\",\"@id\":\"https:\\\/\\\/mavitecrendering.com\\\/privacy-policy\\\/#primaryimage\",\"url\":\"https:\\\/\\\/mavitecrendering.com\\\/wp-content\\\/uploads\\\/2021\\\/07\\\/110-united-kingdom.svg\",\"contentUrl\":\"https:\\\/\\\/mavitecrendering.com\\\/wp-content\\\/uploads\\\/2021\\\/07\\\/110-united-kingdom.svg\"},{\"@type\":\"BreadcrumbList\",\"@id\":\"https:\\\/\\\/mavitecrendering.com\\\/privacy-policy\\\/#breadcrumb\",\"itemListElement\":[{\"@type\":\"ListItem\",\"position\":1,\"name\":\"Home\",\"item\":\"https:\\\/\\\/mavitecrendering.com\\\/\"},{\"@type\":\"ListItem\",\"position\":2,\"name\":\"Privacy policy\"}]},{\"@type\":\"WebSite\",\"@id\":\"https:\\\/\\\/mavitecrendering.com\\\/ru\\\/#website\",\"url\":\"https:\\\/\\\/mavitecrendering.com\\\/ru\\\/\",\"name\":\"Mavitec Rendering\",\"description\":\"\",\"publisher\":{\"@id\":\"https:\\\/\\\/mavitecrendering.com\\\/ru\\\/#organization\"},\"potentialAction\":[{\"@type\":\"SearchAction\",\"target\":{\"@type\":\"EntryPoint\",\"urlTemplate\":\"https:\\\/\\\/mavitecrendering.com\\\/ru\\\/?s={search_term_string}\"},\"query-input\":{\"@type\":\"PropertyValueSpecification\",\"valueRequired\":true,\"valueName\":\"search_term_string\"}}],\"inLanguage\":\"de\"},{\"@type\":\"Organization\",\"@id\":\"https:\\\/\\\/mavitecrendering.com\\\/ru\\\/#organization\",\"name\":\"Mavitec Rendering\",\"url\":\"https:\\\/\\\/mavitecrendering.com\\\/ru\\\/\",\"logo\":{\"@type\":\"ImageObject\",\"inLanguage\":\"de\",\"@id\":\"https:\\\/\\\/mavitecrendering.com\\\/ru\\\/#\\\/schema\\\/logo\\\/image\\\/\",\"url\":\"https:\\\/\\\/mavitecrendering.com\\\/wp-content\\\/uploads\\\/2021\\\/09\\\/Frame-6.svg\",\"contentUrl\":\"https:\\\/\\\/mavitecrendering.com\\\/wp-content\\\/uploads\\\/2021\\\/09\\\/Frame-6.svg\",\"width\":244,\"height\":42,\"caption\":\"Mavitec Rendering\"},\"image\":{\"@id\":\"https:\\\/\\\/mavitecrendering.com\\\/ru\\\/#\\\/schema\\\/logo\\\/image\\\/\"}}]}<\/script>\n<!-- \/ Yoast SEO plugin. -->","yoast_head_json":{"title":"Datenschutzerkl\u00e4rung - Mavitec Rendering","robots":{"index":"index","follow":"follow","max-snippet":"max-snippet:-1","max-image-preview":"max-image-preview:large","max-video-preview":"max-video-preview:-1"},"canonical":"https:\/\/mavitecrendering.com\/de\/privacy-policy\/","og_locale":"de_DE","og_type":"article","og_title":"Privacy policy - Mavitec Rendering","og_description":"PRIVACY POLICY Mavitec B.V., located at Galileistraat 32, 1704 SE Heerhugowaard, The Netherlands, is responsible for the processing of personal data as shown in this privacy statement. Contact details: https:\/\/www.mavitec.com Galileistraat 321704 SE HeerhugowaardThe Netherlands+31 (0)72 574 59 88 Personal data we process Mavitec B.V. processes your personal data because you use our services and\/or [&hellip;]","og_url":"https:\/\/mavitecrendering.com\/de\/privacy-policy\/","og_site_name":"Mavitec Rendering","article_modified_time":"2021-07-27T06:45:51+00:00","og_image":[{"url":"https:\/\/mavitecrendering.com\/wp-content\/uploads\/2021\/07\/110-united-kingdom.svg","type":"","width":"","height":""}],"twitter_card":"summary_large_image","twitter_misc":{"Gesch\u00e4tzte Lesezeit":"4\u00a0Minuten"},"schema":{"@context":"https:\/\/schema.org","@graph":[{"@type":"WebPage","@id":"https:\/\/mavitecrendering.com\/privacy-policy\/","url":"https:\/\/mavitecrendering.com\/privacy-policy\/","name":"Datenschutzerkl\u00e4rung - Mavitec Rendering","isPartOf":{"@id":"https:\/\/mavitecrendering.com\/ru\/#website"},"primaryImageOfPage":{"@id":"https:\/\/mavitecrendering.com\/privacy-policy\/#primaryimage"},"image":{"@id":"https:\/\/mavitecrendering.com\/privacy-policy\/#primaryimage"},"thumbnailUrl":"https:\/\/mavitecrendering.com\/wp-content\/uploads\/2021\/07\/110-united-kingdom.svg","datePublished":"2021-07-27T06:42:43+00:00","dateModified":"2021-07-27T06:45:51+00:00","breadcrumb":{"@id":"https:\/\/mavitecrendering.com\/privacy-policy\/#breadcrumb"},"inLanguage":"de","potentialAction":[{"@type":"ReadAction","target":["https:\/\/mavitecrendering.com\/privacy-policy\/"]}]},{"@type":"ImageObject","inLanguage":"de","@id":"https:\/\/mavitecrendering.com\/privacy-policy\/#primaryimage","url":"https:\/\/mavitecrendering.com\/wp-content\/uploads\/2021\/07\/110-united-kingdom.svg","contentUrl":"https:\/\/mavitecrendering.com\/wp-content\/uploads\/2021\/07\/110-united-kingdom.svg"},{"@type":"BreadcrumbList","@id":"https:\/\/mavitecrendering.com\/privacy-policy\/#breadcrumb","itemListElement":[{"@type":"ListItem","position":1,"name":"Home","item":"https:\/\/mavitecrendering.com\/"},{"@type":"ListItem","position":2,"name":"Privacy policy"}]},{"@type":"WebSite","@id":"https:\/\/mavitecrendering.com\/ru\/#website","url":"https:\/\/mavitecrendering.com\/ru\/","name":"Mavitec-Rendering","description":"","publisher":{"@id":"https:\/\/mavitecrendering.com\/ru\/#organization"},"potentialAction":[{"@type":"SearchAction","target":{"@type":"EntryPoint","urlTemplate":"https:\/\/mavitecrendering.com\/ru\/?s={search_term_string}"},"query-input":{"@type":"PropertyValueSpecification","valueRequired":true,"valueName":"search_term_string"}}],"inLanguage":"de"},{"@type":"Organization","@id":"https:\/\/mavitecrendering.com\/ru\/#organization","name":"Mavitec-Rendering","url":"https:\/\/mavitecrendering.com\/ru\/","logo":{"@type":"ImageObject","inLanguage":"de","@id":"https:\/\/mavitecrendering.com\/ru\/#\/schema\/logo\/image\/","url":"https:\/\/mavitecrendering.com\/wp-content\/uploads\/2021\/09\/Frame-6.svg","contentUrl":"https:\/\/mavitecrendering.com\/wp-content\/uploads\/2021\/09\/Frame-6.svg","width":244,"height":42,"caption":"Mavitec Rendering"},"image":{"@id":"https:\/\/mavitecrendering.com\/ru\/#\/schema\/logo\/image\/"}}]}},"_links":{"self":[{"href":"https:\/\/mavitecrendering.com\/de\/wp-json\/wp\/v2\/pages\/3770","targetHints":{"allow":["GET"]}}],"collection":[{"href":"https:\/\/mavitecrendering.com\/de\/wp-json\/wp\/v2\/pages"}],"about":[{"href":"https:\/\/mavitecrendering.com\/de\/wp-json\/wp\/v2\/types\/page"}],"author":[{"embeddable":true,"href":"https:\/\/mavitecrendering.com\/de\/wp-json\/wp\/v2\/users\/1"}],"replies":[{"embeddable":true,"href":"https:\/\/mavitecrendering.com\/de\/wp-json\/wp\/v2\/comments?post=3770"}],"version-history":[{"count":0,"href":"https:\/\/mavitecrendering.com\/de\/wp-json\/wp\/v2\/pages\/3770\/revisions"}],"wp:attachment":[{"href":"https:\/\/mavitecrendering.com\/de\/wp-json\/wp\/v2\/media?parent=3770"}],"curies":[{"name":"wp","href":"https:\/\/api.w.org\/{rel}","templated":true}]}}