{"id":2428,"date":"2021-07-01T10:00:09","date_gmt":"2021-07-01T08:00:09","guid":{"rendered":"https:\/\/mavitecrendering.com\/?page_id=2428"},"modified":"2024-09-10T09:12:12","modified_gmt":"2024-09-10T07:12:12","slug":"service","status":"publish","type":"page","link":"https:\/\/mavitecrendering.com\/de\/service\/","title":{"rendered":"Service"},"content":{"rendered":"<div data-elementor-type=\"wp-page\" data-elementor-id=\"2428\" class=\"elementor elementor-2428\" data-elementor-post-type=\"page\">\n\t\t\t\t\t\t<section data-dce-background-image-url=\"https:\/\/mavitecrendering.com\/wp-content\/uploads\/2021\/08\/asdfasdfjal.jpg\" class=\"elementor-section elementor-top-section elementor-element elementor-element-a7c1480 elementor-section-height-min-height elementor-section-boxed elementor-section-height-default elementor-section-items-middle\" data-id=\"a7c1480\" data-element_type=\"section\" data-e-type=\"section\" data-settings=\"{&quot;background_background&quot;:&quot;classic&quot;}\">\n\t\t\t\t\t\t<div class=\"elementor-container elementor-column-gap-default\">\n\t\t\t\t\t<div class=\"elementor-column elementor-col-100 elementor-top-column elementor-element elementor-element-cc969ef\" data-id=\"cc969ef\" data-element_type=\"column\" data-e-type=\"column\">\n\t\t\t<div class=\"elementor-widget-wrap elementor-element-populated\">\n\t\t\t\t\t\t<div class=\"elementor-element elementor-element-3d57763 elementor-mobile-align-center elementor-hidden-desktop elementor-hidden-tablet elementor-widget elementor-widget-breadcrumbs\" data-id=\"3d57763\" data-element_type=\"widget\" data-e-type=\"widget\" data-widget_type=\"breadcrumbs.default\">\n\t\t\t\t<div class=\"elementor-widget-container\">\n\t\t\t\t\t<p id=\"breadcrumbs\"><span><span><a href=\"https:\/\/mavitecrendering.com\/de\">Startseite<\/a><\/span><\/span><\/p>\t\t\t\t<\/div>\n\t\t\t\t<\/div>\n\t\t\t\t<div class=\"elementor-element elementor-element-8585973 elementor-hidden-desktop elementor-hidden-tablet elementor-widget elementor-widget-heading\" data-id=\"8585973\" data-element_type=\"widget\" data-e-type=\"widget\" data-widget_type=\"heading.default\">\n\t\t\t\t<div class=\"elementor-widget-container\">\n\t\t\t\t\t<h2 class=\"elementor-heading-title elementor-size-default\">Service<\/h2>\t\t\t\t<\/div>\n\t\t\t\t<\/div>\n\t\t\t\t\t<\/div>\n\t\t<\/div>\n\t\t\t\t\t<\/div>\n\t\t<\/section>\n\t\t\t\t<section class=\"elementor-section elementor-top-section elementor-element elementor-element-64c6d9f elementor-hidden-phone elementor-section-boxed elementor-section-height-default elementor-section-height-default\" data-id=\"64c6d9f\" data-element_type=\"section\" data-e-type=\"section\">\n\t\t\t\t\t\t<div class=\"elementor-container elementor-column-gap-default\">\n\t\t\t\t\t<div class=\"elementor-column elementor-col-100 elementor-top-column elementor-element elementor-element-910d8bd\" data-id=\"910d8bd\" data-element_type=\"column\" data-e-type=\"column\">\n\t\t\t<div class=\"elementor-widget-wrap elementor-element-populated\">\n\t\t\t\t\t\t<div data-dce-title-color=\"#2E3532\" class=\"elementor-element elementor-element-0b040ff elementor-widget__width-auto elementor-widget elementor-widget-heading\" data-id=\"0b040ff\" data-element_type=\"widget\" data-e-type=\"widget\" data-widget_type=\"heading.default\">\n\t\t\t\t<div class=\"elementor-widget-container\">\n\t\t\t\t\t<h2 class=\"elementor-heading-title elementor-size-default\">Service<\/h2>\t\t\t\t<\/div>\n\t\t\t\t<\/div>\n\t\t\t\t\t<\/div>\n\t\t<\/div>\n\t\t\t\t\t<\/div>\n\t\t<\/section>\n\t\t\t\t<section class=\"elementor-section elementor-top-section elementor-element elementor-element-7da24b4 elementor-section-boxed elementor-section-height-default elementor-section-height-default\" data-id=\"7da24b4\" data-element_type=\"section\" data-e-type=\"section\">\n\t\t\t\t\t\t<div class=\"elementor-container elementor-column-gap-default\">\n\t\t\t\t\t<div class=\"elementor-column elementor-col-100 elementor-top-column elementor-element elementor-element-46adfa3\" data-id=\"46adfa3\" data-element_type=\"column\" data-e-type=\"column\">\n\t\t\t<div class=\"elementor-widget-wrap elementor-element-populated\">\n\t\t\t\t\t\t<div data-dce-title-color=\"#2E3532\" class=\"elementor-element elementor-element-a572f24 elementor-widget elementor-widget-heading\" data-id=\"a572f24\" data-element_type=\"widget\" data-e-type=\"widget\" data-widget_type=\"heading.default\">\n\t\t\t\t<div class=\"elementor-widget-container\">\n\t\t\t\t\t<h2 class=\"elementor-heading-title elementor-size-default\">Vorbeugende Wartung und Prozessverbesserung<\/h2>\t\t\t\t<\/div>\n\t\t\t\t<\/div>\n\t\t\t\t<div class=\"elementor-element elementor-element-20af738 elementor-widget elementor-widget-heading\" data-id=\"20af738\" data-element_type=\"widget\" data-e-type=\"widget\" data-widget_type=\"heading.default\">\n\t\t\t\t<div class=\"elementor-widget-container\">\n\t\t\t\t\t<h3 class=\"elementor-heading-title elementor-size-default\">Service &amp; Hilfe<\/h3>\t\t\t\t<\/div>\n\t\t\t\t<\/div>\n\t\t\t\t<div class=\"elementor-element elementor-element-4e4e916 elementor-widget elementor-widget-text-editor\" data-id=\"4e4e916\" data-element_type=\"widget\" data-e-type=\"widget\" data-widget_type=\"text-editor.default\">\n\t\t\t\t<div class=\"elementor-widget-container\">\n\t\t\t\t\t\t\t\t\t<p>Der Mavitec After Sales Service bietet pr\u00e4ventive Wartung und Prozessoptimierung, um Ausfallzeiten zu minimieren, Gesamtkosten zu senken und dadurch Endprodukte bester Qualit\u00e4t mit einem h\u00f6heren Umsatz zu gew\u00e4hrleisten.<\/p><p>Unsere Servicetechniker f\u00fchren regelm\u00e4\u00dfig Inspektionen durch und erstellen einen vollst\u00e4ndigen Bericht mit Ergebnissen und Empfehlungen. Wir kombinieren fundiertes Wissen \u00fcber Prozesse und Techniken, um Prozessverbesserungen, optimale Produktqualit\u00e4t und h\u00f6chste Linieneffizienz zu realisieren.<\/p><p>Servicestandorte auf der ganzen Welt betreuen Kunden vor Ort und kurzfristig, um schnellen Support, reduzierte Reisezeiten und Unterst\u00fctzung in Landessprache zu gew\u00e4hrleisten. Mit jahrzehntelanger Erfahrung in Prozessoptimierung, Maschinenersatzteilen, \u00dcberholung, Revisionen und Verbesserungen k\u00f6nnen wir Ihre Anlage profitabler machen.<\/p><p>Unsere Serviceteams sind auch in der Lage, bei Installationsarbeiten und schl\u00fcsselfertigen Projekten zu helfen.<\/p>\t\t\t\t\t\t\t\t<\/div>\n\t\t\t\t<\/div>\n\t\t\t\t<div class=\"elementor-element elementor-element-580a43f elementor-widget elementor-widget-heading\" data-id=\"580a43f\" data-element_type=\"widget\" data-e-type=\"widget\" data-widget_type=\"heading.default\">\n\t\t\t\t<div class=\"elementor-widget-container\">\n\t\t\t\t\t<h3 class=\"elementor-heading-title elementor-size-default\">Servicepakete<\/h3>\t\t\t\t<\/div>\n\t\t\t\t<\/div>\n\t\t\t\t<div class=\"elementor-element elementor-element-1c848f2 elementor-widget elementor-widget-text-editor\" data-id=\"1c848f2\" data-element_type=\"widget\" data-e-type=\"widget\" data-widget_type=\"text-editor.default\">\n\t\t\t\t<div class=\"elementor-widget-container\">\n\t\t\t\t\t\t\t\t\t<p>Wartung ist wichtig, um die Kontinuit\u00e4t der Anlage zu gew\u00e4hrleisten, macht aber oft einen gro\u00dfen Teil der Betriebskosten aus. Mavitec bietet verschiedene Servicepakete an, die unn\u00f6tige Ausfallzeiten minimieren. Damit erh\u00f6hen Sie die Betriebssicherheit und erzielen maximale Renditen.<\/p>\t\t\t\t\t\t\t\t<\/div>\n\t\t\t\t<\/div>\n\t\t\t\t<div class=\"elementor-element elementor-element-472766c elementor-widget elementor-widget-heading\" data-id=\"472766c\" data-element_type=\"widget\" data-e-type=\"widget\" data-widget_type=\"heading.default\">\n\t\t\t\t<div class=\"elementor-widget-container\">\n\t\t\t\t\t<h3 class=\"elementor-heading-title elementor-size-default\">Vorteile Mavitec-Service<\/h3>\t\t\t\t<\/div>\n\t\t\t\t<\/div>\n\t\t\t\t<div class=\"elementor-element elementor-element-5f7264c elementor-widget elementor-widget-text-editor\" data-id=\"5f7264c\" data-element_type=\"widget\" data-e-type=\"widget\" data-widget_type=\"text-editor.default\">\n\t\t\t\t<div class=\"elementor-widget-container\">\n\t\t\t\t\t\t\t\t\t<ul><li>Maximale Betriebszeit<\/li><li>H\u00f6here Kapazit\u00e4t<\/li><li>Kontinuit\u00e4t<\/li><li>Geringere Betriebskosten<\/li><li>Endprodukte von h\u00f6herer Qualit\u00e4t<\/li><li>H\u00f6herer Gewinn<\/li><\/ul><p><br \/>Mavitec bietet Service, auf den Sie sich verlassen k\u00f6nnen.<br \/><br \/>Interessiert an einem Mavitec Rendering Service Paket?<\/p><p>Sie k\u00f6nnen uns gerne kontaktieren<\/p>\t\t\t\t\t\t\t\t<\/div>\n\t\t\t\t<\/div>\n\t\t\t\t<div data-dce-text-color=\"#7FB662\" class=\"elementor-element elementor-element-df51ad6 elementor-icon-list--layout-traditional elementor-list-item-link-full_width elementor-widget elementor-widget-icon-list\" data-id=\"df51ad6\" data-element_type=\"widget\" data-e-type=\"widget\" data-widget_type=\"icon-list.default\">\n\t\t\t\t<div class=\"elementor-widget-container\">\n\t\t\t\t\t\t\t<ul class=\"elementor-icon-list-items\">\n\t\t\t\t\t\t\t<li class=\"elementor-icon-list-item\">\n\t\t\t\t\t\t\t\t\t\t\t<a href=\"tel:+3172%20574%2059%2088\">\n\n\t\t\t\t\t\t\t\t\t\t\t<span class=\"elementor-icon-list-text\">+31 (0)72 574 59 88<\/span>\n\t\t\t\t\t\t\t\t\t\t\t<\/a>\n\t\t\t\t\t\t\t\t\t<\/li>\n\t\t\t\t\t\t\t\t<li class=\"elementor-icon-list-item\">\n\t\t\t\t\t\t\t\t\t\t\t<a href=\"mailto:service@mavitec.com\">\n\n\t\t\t\t\t\t\t\t\t\t\t<span class=\"elementor-icon-list-text\">service@mavitec.com<\/span>\n\t\t\t\t\t\t\t\t\t\t\t<\/a>\n\t\t\t\t\t\t\t\t\t<\/li>\n\t\t\t\t\t\t<\/ul>\n\t\t\t\t\t\t<\/div>\n\t\t\t\t<\/div>\n\t\t\t\t\t<\/div>\n\t\t<\/div>\n\t\t\t\t\t<\/div>\n\t\t<\/section>\n\t\t\t\t<\/div>","protected":false},"excerpt":{"rendered":"<p>Preventive maintenance &#038; process improvement Service &#038; Assistance Mavitec After Sales Service offers preventive maintenance and process optimization in order to minimize downtime, reduce overall costs and ensure the best quality end-products with a better turnover as a result. Our service engineers conduct inspections on a regular basis and provide a full report with findings [&hellip;]<\/p>\n","protected":false},"author":1,"featured_media":0,"parent":0,"menu_order":0,"comment_status":"closed","ping_status":"closed","template":"","meta":{"_acf_changed":false,"footnotes":""},"class_list":["post-2428","page","type-page","status-publish","hentry"],"acf":[],"yoast_head":"<!-- This site is optimized with the Yoast SEO plugin v27.3 - https:\/\/yoast.com\/product\/yoast-seo-wordpress\/ -->\n<title>Service - Mavitec Rendering<\/title>\n<meta name=\"robots\" content=\"index, follow, max-snippet:-1, max-image-preview:large, max-video-preview:-1\" \/>\n<link rel=\"canonical\" href=\"https:\/\/mavitecrendering.com\/de\/service\/\" \/>\n<meta property=\"og:locale\" content=\"de_DE\" \/>\n<meta property=\"og:type\" content=\"article\" \/>\n<meta property=\"og:title\" content=\"Service - Mavitec Rendering\" \/>\n<meta property=\"og:description\" content=\"Preventive maintenance &#038; process improvement Service &#038; Assistance Mavitec After Sales Service offers preventive maintenance and process optimization in order to minimize downtime, reduce overall costs and ensure the best quality end-products with a better turnover as a result. Our service engineers conduct inspections on a regular basis and provide a full report with findings [&hellip;]\" \/>\n<meta property=\"og:url\" content=\"https:\/\/mavitecrendering.com\/de\/service\/\" \/>\n<meta property=\"og:site_name\" content=\"Mavitec Rendering\" \/>\n<meta property=\"article:modified_time\" content=\"2024-09-10T07:12:12+00:00\" \/>\n<meta name=\"twitter:card\" content=\"summary_large_image\" \/>\n<meta name=\"twitter:label1\" content=\"Gesch\u00e4tzte Lesezeit\" \/>\n\t<meta name=\"twitter:data1\" content=\"1\u00a0Minute\" \/>\n<script type=\"application\/ld+json\" class=\"yoast-schema-graph\">{\"@context\":\"https:\\\/\\\/schema.org\",\"@graph\":[{\"@type\":\"WebPage\",\"@id\":\"https:\\\/\\\/mavitecrendering.com\\\/service\\\/\",\"url\":\"https:\\\/\\\/mavitecrendering.com\\\/service\\\/\",\"name\":\"Service - Mavitec Rendering\",\"isPartOf\":{\"@id\":\"https:\\\/\\\/mavitecrendering.com\\\/ru\\\/#website\"},\"datePublished\":\"2021-07-01T08:00:09+00:00\",\"dateModified\":\"2024-09-10T07:12:12+00:00\",\"breadcrumb\":{\"@id\":\"https:\\\/\\\/mavitecrendering.com\\\/service\\\/#breadcrumb\"},\"inLanguage\":\"de\",\"potentialAction\":[{\"@type\":\"ReadAction\",\"target\":[\"https:\\\/\\\/mavitecrendering.com\\\/service\\\/\"]}]},{\"@type\":\"BreadcrumbList\",\"@id\":\"https:\\\/\\\/mavitecrendering.com\\\/service\\\/#breadcrumb\",\"itemListElement\":[{\"@type\":\"ListItem\",\"position\":1,\"name\":\"Home\",\"item\":\"https:\\\/\\\/mavitecrendering.com\\\/\"},{\"@type\":\"ListItem\",\"position\":2,\"name\":\"Service\"}]},{\"@type\":\"WebSite\",\"@id\":\"https:\\\/\\\/mavitecrendering.com\\\/ru\\\/#website\",\"url\":\"https:\\\/\\\/mavitecrendering.com\\\/ru\\\/\",\"name\":\"Mavitec Rendering\",\"description\":\"\",\"publisher\":{\"@id\":\"https:\\\/\\\/mavitecrendering.com\\\/ru\\\/#organization\"},\"potentialAction\":[{\"@type\":\"SearchAction\",\"target\":{\"@type\":\"EntryPoint\",\"urlTemplate\":\"https:\\\/\\\/mavitecrendering.com\\\/ru\\\/?s={search_term_string}\"},\"query-input\":{\"@type\":\"PropertyValueSpecification\",\"valueRequired\":true,\"valueName\":\"search_term_string\"}}],\"inLanguage\":\"de\"},{\"@type\":\"Organization\",\"@id\":\"https:\\\/\\\/mavitecrendering.com\\\/ru\\\/#organization\",\"name\":\"Mavitec Rendering\",\"url\":\"https:\\\/\\\/mavitecrendering.com\\\/ru\\\/\",\"logo\":{\"@type\":\"ImageObject\",\"inLanguage\":\"de\",\"@id\":\"https:\\\/\\\/mavitecrendering.com\\\/ru\\\/#\\\/schema\\\/logo\\\/image\\\/\",\"url\":\"https:\\\/\\\/mavitecrendering.com\\\/wp-content\\\/uploads\\\/2021\\\/09\\\/Frame-6.svg\",\"contentUrl\":\"https:\\\/\\\/mavitecrendering.com\\\/wp-content\\\/uploads\\\/2021\\\/09\\\/Frame-6.svg\",\"width\":244,\"height\":42,\"caption\":\"Mavitec Rendering\"},\"image\":{\"@id\":\"https:\\\/\\\/mavitecrendering.com\\\/ru\\\/#\\\/schema\\\/logo\\\/image\\\/\"}}]}<\/script>\n<!-- \/ Yoast SEO plugin. -->","yoast_head_json":{"title":"Service - Mavitec-Rendering","robots":{"index":"index","follow":"follow","max-snippet":"max-snippet:-1","max-image-preview":"max-image-preview:large","max-video-preview":"max-video-preview:-1"},"canonical":"https:\/\/mavitecrendering.com\/de\/service\/","og_locale":"de_DE","og_type":"article","og_title":"Service - Mavitec Rendering","og_description":"Preventive maintenance &#038; process improvement Service &#038; Assistance Mavitec After Sales Service offers preventive maintenance and process optimization in order to minimize downtime, reduce overall costs and ensure the best quality end-products with a better turnover as a result. Our service engineers conduct inspections on a regular basis and provide a full report with findings [&hellip;]","og_url":"https:\/\/mavitecrendering.com\/de\/service\/","og_site_name":"Mavitec Rendering","article_modified_time":"2024-09-10T07:12:12+00:00","twitter_card":"summary_large_image","twitter_misc":{"Gesch\u00e4tzte Lesezeit":"1\u00a0Minute"},"schema":{"@context":"https:\/\/schema.org","@graph":[{"@type":"WebPage","@id":"https:\/\/mavitecrendering.com\/service\/","url":"https:\/\/mavitecrendering.com\/service\/","name":"Service - Mavitec-Rendering","isPartOf":{"@id":"https:\/\/mavitecrendering.com\/ru\/#website"},"datePublished":"2021-07-01T08:00:09+00:00","dateModified":"2024-09-10T07:12:12+00:00","breadcrumb":{"@id":"https:\/\/mavitecrendering.com\/service\/#breadcrumb"},"inLanguage":"de","potentialAction":[{"@type":"ReadAction","target":["https:\/\/mavitecrendering.com\/service\/"]}]},{"@type":"BreadcrumbList","@id":"https:\/\/mavitecrendering.com\/service\/#breadcrumb","itemListElement":[{"@type":"ListItem","position":1,"name":"Home","item":"https:\/\/mavitecrendering.com\/"},{"@type":"ListItem","position":2,"name":"Service"}]},{"@type":"WebSite","@id":"https:\/\/mavitecrendering.com\/ru\/#website","url":"https:\/\/mavitecrendering.com\/ru\/","name":"Mavitec-Rendering","description":"","publisher":{"@id":"https:\/\/mavitecrendering.com\/ru\/#organization"},"potentialAction":[{"@type":"SearchAction","target":{"@type":"EntryPoint","urlTemplate":"https:\/\/mavitecrendering.com\/ru\/?s={search_term_string}"},"query-input":{"@type":"PropertyValueSpecification","valueRequired":true,"valueName":"search_term_string"}}],"inLanguage":"de"},{"@type":"Organization","@id":"https:\/\/mavitecrendering.com\/ru\/#organization","name":"Mavitec-Rendering","url":"https:\/\/mavitecrendering.com\/ru\/","logo":{"@type":"ImageObject","inLanguage":"de","@id":"https:\/\/mavitecrendering.com\/ru\/#\/schema\/logo\/image\/","url":"https:\/\/mavitecrendering.com\/wp-content\/uploads\/2021\/09\/Frame-6.svg","contentUrl":"https:\/\/mavitecrendering.com\/wp-content\/uploads\/2021\/09\/Frame-6.svg","width":244,"height":42,"caption":"Mavitec Rendering"},"image":{"@id":"https:\/\/mavitecrendering.com\/ru\/#\/schema\/logo\/image\/"}}]}},"_links":{"self":[{"href":"https:\/\/mavitecrendering.com\/de\/wp-json\/wp\/v2\/pages\/2428","targetHints":{"allow":["GET"]}}],"collection":[{"href":"https:\/\/mavitecrendering.com\/de\/wp-json\/wp\/v2\/pages"}],"about":[{"href":"https:\/\/mavitecrendering.com\/de\/wp-json\/wp\/v2\/types\/page"}],"author":[{"embeddable":true,"href":"https:\/\/mavitecrendering.com\/de\/wp-json\/wp\/v2\/users\/1"}],"replies":[{"embeddable":true,"href":"https:\/\/mavitecrendering.com\/de\/wp-json\/wp\/v2\/comments?post=2428"}],"version-history":[{"count":9,"href":"https:\/\/mavitecrendering.com\/de\/wp-json\/wp\/v2\/pages\/2428\/revisions"}],"predecessor-version":[{"id":7075,"href":"https:\/\/mavitecrendering.com\/de\/wp-json\/wp\/v2\/pages\/2428\/revisions\/7075"}],"wp:attachment":[{"href":"https:\/\/mavitecrendering.com\/de\/wp-json\/wp\/v2\/media?parent=2428"}],"curies":[{"name":"wp","href":"https:\/\/api.w.org\/{rel}","templated":true}]}}